{"id":312,"date":"2026-03-07T04:26:53","date_gmt":"2026-03-07T04:26:53","guid":{"rendered":"http:\/\/obermax.com.ec\/services\/"},"modified":"2026-03-24T01:37:56","modified_gmt":"2026-03-24T01:37:56","slug":"services","status":"publish","type":"page","link":"https:\/\/obermax.com.ec\/en\/services\/","title":{"rendered":"Services"},"content":{"rendered":"<div class=\"wp-block-uagb-container uagb-block-30d7bc21 alignfull uagb-is-root-container\"><div class=\"uagb-container-inner-blocks-wrap\">\n<div class=\"wp-block-uagb-advanced-heading uagb-block-cd14e455\"><h2 class=\"uagb-heading-text\"><strong>Processing Capabilities and Infrastructure<\/strong><\/h2><\/div>\n<\/div><\/div>\n\n\n\n<div class=\"wp-block-uagb-container uagb-block-7bf30896 alignfull uagb-is-root-container\"><div class=\"uagb-container-inner-blocks-wrap\">\n<div class=\"wp-block-uagb-container uagb-block-20cff6b0\">\n<div class=\"wp-block-uagb-image uagb-block-664c3898 wp-block-uagb-image--layout-default wp-block-uagb-image--effect-static wp-block-uagb-image--align-none\"><figure class=\"wp-block-uagb-image__figure\"><img decoding=\"async\" srcset=\"https:\/\/obermax.com.ec\/wp-content\/uploads\/2026\/03\/Planta-Obermax-Descabezado-1024x576.jpg ,https:\/\/obermax.com.ec\/wp-content\/uploads\/2026\/03\/Planta-Obermax-Descabezado.jpg 780w, https:\/\/obermax.com.ec\/wp-content\/uploads\/2026\/03\/Planta-Obermax-Descabezado.jpg 360w\" sizes=\"auto, (max-width: 480px) 150px\" src=\"https:\/\/obermax.com.ec\/wp-content\/uploads\/2026\/03\/Planta-Obermax-Descabezado-1024x576.jpg\" alt=\"\" class=\"uag-image-629\" width=\"1024\" height=\"576\" title=\"Planta Obermax - Descabezado\" loading=\"lazy\" role=\"img\"\/><\/figure><\/div>\n<\/div>\n\n\n\n<div class=\"wp-block-uagb-container uagb-block-95107aaa\">\n<div class=\"wp-block-uagb-advanced-heading uagb-block-35772a5c\"><h6 class=\"uagb-heading-text\">01<\/h6><\/div>\n\n\n\n<div class=\"wp-block-uagb-advanced-heading uagb-block-2b5f49af\"><h4 class=\"uagb-heading-text\">Advanced Processing and Export Infrastructure<\/h4><div class=\"uagb-separator\"><\/div><p class=\"uagb-desc-text\">Our facilities are designed to ensure efficiency, quality, and compliance with the highest international standards in the seafood industry.<br>Obermax\u2019s infrastructure <strong>We are an Ecuadorian<\/strong> processing, grading, packing, and cold chain operations, preserving the freshness and full traceability of <strong>Litopenaeus vannamei<\/strong> shrimp from origin to final destination.<br>Strategically located along the Ecuadorian coast, we optimize logistics to ensure a reliable and consistent supply to international markets.<\/p><\/div>\n<\/div>\n<\/div><\/div>\n\n\n\n<div class=\"wp-block-uagb-container uagb-block-1f082917 alignfull uagb-is-root-container\"><div class=\"uagb-container-inner-blocks-wrap\">\n<div class=\"wp-block-uagb-container uagb-block-cb51aae9\">\n<div class=\"wp-block-uagb-advanced-heading uagb-block-f2106941\"><h6 class=\"uagb-heading-text\">02<\/h6><\/div>\n\n\n\n<div class=\"wp-block-uagb-advanced-heading uagb-block-1ae7d129\"><h3 class=\"uagb-heading-text\">Advanced Infrastructure and Logistics for Global Export<\/h3><div class=\"uagb-separator\"><\/div><p class=\"uagb-desc-text\">Our infrastructure integrates modern processing, packing, and cold chain operations, preserving the quality and full traceability of <strong>Litopenaeus vannamei<\/strong> shrimp from origin to final destination.<br>Strategically located along the Ecuadorian coast, we optimize logistics to connect premium Ecuadorian shrimp with the world\u2019s leading markets.<\/p><\/div>\n<\/div>\n\n\n\n<div class=\"wp-block-uagb-container uagb-block-171fdc51\">\n<div class=\"wp-block-uagb-image uagb-block-412be4db wp-block-uagb-image--layout-default wp-block-uagb-image--effect-static wp-block-uagb-image--align-none\"><figure class=\"wp-block-uagb-image__figure\"><img decoding=\"async\" srcset=\"https:\/\/obermax.com.ec\/wp-content\/uploads\/2026\/03\/Planta-Obermax-maquina-de-clasificacion-2-1024x693.jpg ,https:\/\/obermax.com.ec\/wp-content\/uploads\/2026\/03\/Planta-Obermax-maquina-de-clasificacion-2-scaled.jpg 780w, https:\/\/obermax.com.ec\/wp-content\/uploads\/2026\/03\/Planta-Obermax-maquina-de-clasificacion-2-scaled.jpg 360w\" sizes=\"auto, (max-width: 480px) 150px\" src=\"https:\/\/obermax.com.ec\/wp-content\/uploads\/2026\/03\/Planta-Obermax-maquina-de-clasificacion-2-1024x693.jpg\" alt=\"\" class=\"uag-image-633\" width=\"1024\" height=\"693\" title=\"Planta Obermax m\u00e1quina de cl\u00e1sificaci\u00f3n 2\" loading=\"lazy\" role=\"img\"\/><\/figure><\/div>\n<\/div>\n<\/div><\/div>\n\n\n\n<div class=\"wp-block-uagb-container uagb-block-cd8c07d3 alignfull uagb-is-root-container\"><div class=\"uagb-container-inner-blocks-wrap\">\n<div class=\"wp-block-uagb-container uagb-block-c8c311e7\">\n<div class=\"wp-block-uagb-image uagb-block-a695d2a7 wp-block-uagb-image--layout-default wp-block-uagb-image--effect-static wp-block-uagb-image--align-none\"><figure class=\"wp-block-uagb-image__figure\"><img decoding=\"async\" srcset=\"https:\/\/obermax.com.ec\/wp-content\/uploads\/2026\/03\/Planta-Obermax-maquina-de-clasificacion-3-1024x801.jpg ,https:\/\/obermax.com.ec\/wp-content\/uploads\/2026\/03\/Planta-Obermax-maquina-de-clasificacion-3.jpg 780w, https:\/\/obermax.com.ec\/wp-content\/uploads\/2026\/03\/Planta-Obermax-maquina-de-clasificacion-3.jpg 360w\" sizes=\"auto, (max-width: 480px) 150px\" src=\"https:\/\/obermax.com.ec\/wp-content\/uploads\/2026\/03\/Planta-Obermax-maquina-de-clasificacion-3-1024x801.jpg\" alt=\"\" class=\"uag-image-641\" width=\"1024\" height=\"801\" title=\"Planta Obermax m\u00e1quina de cl\u00e1sificaci\u00f3n 3\" loading=\"lazy\" role=\"img\"\/><\/figure><\/div>\n<\/div>\n\n\n\n<div class=\"wp-block-uagb-container uagb-block-cf0aa823\">\n<div class=\"wp-block-uagb-advanced-heading uagb-block-673e3959\"><h6 class=\"uagb-heading-text\">03<\/h6><\/div>\n\n\n\n<div class=\"wp-block-uagb-advanced-heading uagb-block-4ebb2dd0\"><h3 class=\"uagb-heading-text\">Advanced Industrial Capacity for Global Export<\/h3><div class=\"uagb-separator\"><\/div><p class=\"uagb-desc-text\">Our infrastructure integrates modern processing, grading, packing, and cold chain technology, ensuring that <strong>Litopenaeus vannamei shrimp<\/strong> maintains its freshness and premium quality standards from Ecuador to international markets.<br>Strategically located along the Ecuadorian coast, we optimize logistics and distribution to connect our production with key destinations in the global seafood trade.<\/p><\/div>\n<\/div>\n<\/div><\/div>\n\n\n\n<div class=\"wp-block-uagb-container uagb-block-77884b40 alignfull uagb-is-root-container\"><div class=\"uagb-container-inner-blocks-wrap\">\n<div class=\"wp-block-uagb-container uagb-block-78066e8c\">\n<div class=\"wp-block-uagb-advanced-heading uagb-block-f7f4fb8e\"><h6 class=\"uagb-heading-text\">Contact Us<\/h6><\/div>\n\n\n\n<div class=\"wp-block-uagb-advanced-heading uagb-block-f9f07924\"><h3 class=\"uagb-heading-text\">Schedule an Appointment<\/h3><div class=\"uagb-separator\"><\/div><\/div>\n\n\n\t\t\t<div class=\"srfm-form-container srfm-form-container-452 srfm-bg-color\">\n\t\t\t<style>\n\t\t\t\t\/* Need to check and remove the input variables related to the Style Tab. *\/\n\t\t\t\t.srfm-form-container-452 {\n\t\t\t\t\t\/* New test variables *\/\n\t\t\t\t\t--srfm-color-scheme-primary: var(--ast-global-color-0);\n\t\t\t\t\t--srfm-color-scheme-text-on-primary: #FFFFFF;\n\t\t\t\t\t--srfm-color-scheme-text: var(--ast-global-color-2);\n\t\t\t\t\t--srfm-quill-editor-color: var(--ast-global-color-0);\n\n\t\t\t\t\t--srfm-color-input-label: var(--ast-global-color-2);\n\t\t\t\t\t--srfm-color-input-description: hsl( from var(--ast-global-color-2) h s l \/ 0.65 );\n\t\t\t\t\t--srfm-color-input-placeholder: hsl( from var(--ast-global-color-2) h s l \/ 0.5 );\n\t\t\t\t\t--srfm-color-input-text: var(--ast-global-color-2);\n\t\t\t\t\t--srfm-color-input-prefix: hsl( from var(--ast-global-color-2) h s l \/ 0.65 );\n\t\t\t\t\t--srfm-color-input-background: hsl( from var(--ast-global-color-2) h s l \/ 0.02 );\n\t\t\t\t\t--srfm-color-input-background-hover: hsl( from var(--ast-global-color-2) h s l \/ 0.05 );\n\t\t\t\t\t--srfm-color-input-background-disabled: hsl( from var(--ast-global-color-2) h s l \/ 0.07 );\n\t\t\t\t\t--srfm-color-input-border: hsl( from var(--ast-global-color-2) h s l \/ 0.25 );\n\t\t\t\t\t--srfm-color-input-border-disabled: hsl( from var(--ast-global-color-2) h s l \/ 0.15 );\n\t\t\t\t\t--srfm-color-multi-choice-svg: hsl( from var(--ast-global-color-2) h s l \/ 0.7 );\n\t\t\t\t\t--srfm-color-input-border-hover: hsl( from var(--ast-global-color-0) h s l \/ 0.65 );\n\t\t\t\t\t--srfm-color-input-border-focus-glow: hsl( from var(--ast-global-color-0) h s l \/ 0.15 );\n\t\t\t\t\t--srfm-color-input-selected: hsl( from var(--ast-global-color-0) h s l \/ 0.1 );\n\t\t\t\t\t--srfm-btn-color-hover: hsl( from var(--ast-global-color-0) h s l \/ 0.9 );\n\t\t\t\t\t--srfm-btn-color-disabled: hsl( from var(--ast-global-color-0) h s l \/ 0.25 );\n\n\t\t\t\t\t\/* Dropdown Variables *\/\n\t\t\t\t\t--srfm-dropdown-input-background-hover: hsl( from var(--ast-global-color-2) h s l \/ 0.05 );\n\t\t\t\t\t--srfm-dropdown-option-background-hover: hsl( from var(--ast-global-color-2) h s l \/ 0.10 );\n\t\t\t\t\t--srfm-dropdown-option-background-selected: hsl( from var(--ast-global-color-2) h s l \/ 0.05 );\n\t\t\t\t\t--srfm-dropdown-option-selected-icon: hsl( from var(--ast-global-color-2) h s l \/ 0.65 );\n\t\t\t\t\t--srfm-dropdown-option-text-color: hsl( from var(--ast-global-color-2) h s l \/ 0.80 );\n\t\t\t\t\t--srfm-dropdown-option-selected-text: var(--ast-global-color-2);\n\t\t\t\t\t--srfm-dropdown-badge-background: hsl( from var(--ast-global-color-2) h s l \/ 0.05 );\n\t\t\t\t\t--srfm-dropdown-badge-background-hover: hsl( from var(--ast-global-color-2) h s l \/ 0.10 );\n\t\t\t\t\t--srfm-dropdown-menu-border-color: hsl( from var(--ast-global-color-2) h s l \/ 0.10 );\n\t\t\t\t\t--srfm-dropdown-placeholder-color: hsl( from var(--ast-global-color-2) h s l \/ 0.50 );\n\t\t\t\t\t--srfm-dropdown-icon-color: hsl( from var(--ast-global-color-2) h s l \/ 0.65 );\n\t\t\t\t\t--srfm-dropdown-icon-disabled: hsl( from var(--ast-global-color-2) h s l \/ 0.25 );\n\n\t\t\t\t\t\/* Background Control Variables *\/\n\t\t\t\t\t--srfm-instant-form-padding-top: 32px;--srfm-instant-form-padding-right: 32px;--srfm-instant-form-padding-bottom: 32px;--srfm-instant-form-padding-left: 32px;--srfm-instant-form-border-radius-top: 12px;--srfm-instant-form-border-radius-right: 12px;--srfm-instant-form-border-radius-bottom: 12px;--srfm-instant-form-border-radius-left: 12px;--srfm-form-padding-top: 0px;--srfm-form-padding-right: 0px;--srfm-form-padding-bottom: 0px;--srfm-form-padding-left: 0px;--srfm-form-border-radius-top: 0px;--srfm-form-border-radius-right: 0px;--srfm-form-border-radius-bottom: 0px;--srfm-form-border-radius-left: 0px;--srfm-bg-color: #ffffff;--srfm-bg-overlay-opacity: 1;\t\t\t\t\t--srfm-row-gap-between-blocks: 18px;--srfm-address-label-font-size: 16px;--srfm-address-label-line-height: 24px;--srfm-address-description-font-size: 14px;--srfm-address-description-line-height: 20px;--srfm-col-gap-between-fields: 16px;--srfm-row-gap-between-fields: 16px;--srfm-gap-below-address-label: 14px;--srfm-dropdown-font-size: 14px;--srfm-dropdown-gap-between-input-menu: 4px;--srfm-dropdown-badge-padding: 2px 6px;--srfm-dropdown-multiselect-font-size: 12px;--srfm-dropdown-multiselect-line-height: 16px;--srfm-dropdown-padding-right: 12px;--srfm-dropdown-padding-right-icon: calc( var( --srfm-dropdown-padding-right ) + 20px );--srfm-dropdown-multiselect-padding: 8px var( --srfm-dropdown-padding-right-icon ) 8px 8px;--srfm-input-height: 44px;--srfm-input-field-padding: 10px 12px;--srfm-input-field-font-size: 16px;--srfm-input-field-line-height: 24px;--srfm-input-field-margin-top: 6px;--srfm-input-field-margin-bottom: 6px;--srfm-checkbox-label-font-size: 16px;--srfm-checkbox-label-line-height: 24px;--srfm-checkbox-description-font-size: 14px;--srfm-checkbox-description-line-height: 20px;--srfm-check-ctn-width: 16px;--srfm-check-ctn-height: 16px;--srfm-check-svg-size: 10px;--srfm-checkbox-margin-top-frontend: 4px;--srfm-checkbox-margin-top-editor: 6px;--srfm-check-gap: 8px;--srfm-checkbox-description-margin-left: 24px;--srfm-flag-section-padding: 10px 0 10px 12px;--srfm-gap-between-icon-text: 8px;--srfm-label-font-size: 16px;--srfm-label-line-height: 24px;--srfm-description-font-size: 14px;--srfm-description-line-height: 20px;--srfm-btn-padding: 10px 14px;--srfm-btn-font-size: 16px;--srfm-btn-line-height: 24px;--srfm-multi-choice-horizontal-padding: 20px;--srfm-multi-choice-vertical-padding: 20px;--srfm-multi-choice-internal-option-gap: 8px;--srfm-multi-choice-vertical-svg-size: 40px;--srfm-multi-choice-horizontal-image-size: 24px;--srfm-multi-choice-vertical-image-size: 120px;--srfm-multi-choice-outer-padding: 2px;\t\t\t\t}\n\t\t\t<\/style>\n\t\t\t\t\t\t\t<form method=\"post\" enctype=\"multipart\/form-data\" id=\"srfm-form-452\" class=\"srfm-form\"\n\t\t\t\tform-id=\"452\" after-submission=\"hide form\" message-type=\"same page\" success-url=\"\" ajaxurl=\"https:\/\/obermax.com.ec\/wp-admin\/admin-ajax.php\" data-submit-token=\"0df845de764e7a7ebd32492b12e0e4e308ce746e32e909817dfac3bb8024b13e\" action=\"\"\n\t\t\t\t>\n\t\t\t\t\n\t\t\t\t<input type=\"hidden\" value=\"452\" name=\"form-id\">\n\t\t\t\t<input type=\"hidden\" value=\"\" name=\"srfm-sender-email-field\" id=\"srfm-sender-email\">\n\t\t\t\t<input type=\"hidden\" value=\"\" id=\"srfm-page-break\">\n\t\t\t\t\t\t<p id=\"srfm-error-message\" class=\"srfm-common-error-message srfm-error-message srfm-head-error\" hidden>\t\t<span class=\"srfm-icon\" aria-hidden=\"true\">\n\t\t\t<svg xmlns='http:\/\/www.w3.org\/2000\/svg' width='20' height='20' fill='none'><path d='M9.99935 18.3327C14.6017 18.3327 18.3327 14.6017 18.3327 9.99935C18.3327 5.39698 14.6017 1.66602 9.99935 1.66602C5.39698 1.66602 1.66602 5.39698 1.66602 9.99935C1.66602 14.6017 5.39698 18.3327 9.99935 18.3327Z' stroke='currentColor' stroke-width='1.5' stroke-linecap='round' stroke-linejoin='round' \/><path d='M10 6.66602V9.99935' stroke='currentColor' stroke-width='1.5' stroke-linecap='round' stroke-linejoin='round' \/><path d='M10 13.334H10.0083' stroke='currentColor' stroke-width='1.5' stroke-linecap='round' stroke-linejoin='round' \/><\/svg>\t\t<\/span>\n\t\t<span class=\"srfm-error-content\">There was an error trying to submit your form. Please try again.<\/span><\/p>\n\t\t\t\t\t<div data-block-id=\"72958ef2\" class=\"srfm-block-single srfm-block srfm-input-block srf-input-72958ef2-block  srfm-block-width-100 srfm-slug-name 452\" >\n\t\t\t\t\t\t\t\t<label id=\"srfm-label-72958ef2-lbl-Tm9tYnJl\" for=\"srfm-input-72958ef2-lbl-Tm9tYnJl\" class=\"srfm-block-label\">\n\t\t\t\t\t\tName\t\t\t\t\t\t\t\t\t\t\t\t\t<span class=\"srfm-required\" aria-hidden=\"true\"> *<\/span>\n\t\t\t\t\t\t\t\t\t\t\t<\/label>\n\t\t\t\t\t\t\t\t\t\t\t\t<div class=\"srfm-block-wrap\">\n\t\t\t\t<input class=\"srfm-input-common srfm-input-input\" type=\"text\" name=\"srfm-input-72958ef2-lbl-Tm9tYnJl-name\" id=\"srfm-input-72958ef2-lbl-Tm9tYnJl\"\n\t\t\t\t\taria-describedby='srfm-error-72958ef2'\t\t\t\t\tdata-required=\"true\" aria-required=\"true\" data-unique=\"false\" maxlength=\"100\" value=\"\"  data-srfm-mask=\"none\"   \/>\n\t\t\t\t<\/div>\n\t\t\t\t<div class=\"srfm-error-wrap\">\n\t\t\t\t\t\t\t\t\t\t<div class=\"srfm-error-message\" data-srfm-id=\"srfm-error-72958ef2\" data-error-msg=\"This field is required.\" data-unique-msg=\"Value needs to be unique.\">\n\t\t\t\t\t\tThis field is required.\t\t\t\t\t<\/div>\n\t\t\t\t\t\t\t\t\t<\/div>\n\t\t\t<\/div>\n\t\t\n\n\t\t\t<div data-block-id=\"4b432cd8\" class=\"srfm-block-single srfm-block srfm-email-block srf-email-4b432cd8-block  srfm-block-width-100 srfm-slug-srfm-email 452 srfm-email-block-wrap\">\n\t\t\t\t<div class=\"srfm-email-block srf-email-4b432cd8-block\">\n\t\t\t\t\t\t\t\t\t\t<label id=\"srfm-label-4b432cd8-lbl-RW1haWw\" for=\"srfm-email-4b432cd8-lbl-RW1haWw\" class=\"srfm-block-label\">\n\t\t\t\t\t\tEmail\t\t\t\t\t\t\t\t\t\t\t\t\t<span class=\"srfm-required\" aria-hidden=\"true\"> *<\/span>\n\t\t\t\t\t\t\t\t\t\t\t<\/label>\n\t\t\t\t\t\t\t\t\t\t\t\t\t\t\t<div class=\"srfm-block-wrap\">\n\t\t\t\t\t\t<input class=\"srfm-input-common srfm-input-email\" type=\"email\" name=\"srfm-email-4b432cd8-lbl-RW1haWw-srfm-email\" id=\"srfm-email-4b432cd8-lbl-RW1haWw\"\n\t\t\t\t\t\taria-describedby='srfm-error-4b432cd8'\t\t\t\t\t\tdata-required=\"true\" aria-required=\"true\" data-unique=\"false\" value=\"\"   \/>\n\t\t\t\t\t<\/div>\n\t\t\t\t\t<div class=\"srfm-error-wrap\">\n\t\t\t\t\t\t\t\t\t\t\t<div class=\"srfm-error-message\" data-srfm-id=\"srfm-error-4b432cd8\" data-error-msg=\"This field is required.\" data-unique-msg=\"Value needs to be unique.\">\n\t\t\t\t\t\tThis field is required.\t\t\t\t\t<\/div>\n\t\t\t\t\t\t\t\t\t\t<\/div>\n\t\t\t\t<\/div>\n\t\t\t\t\t\t\t<\/div>\n\t\t\n\n\t\t<div data-block-id=\"9677dc7c\" class=\"srfm-block-single srfm-block srfm-textarea-block srf-textarea-9677dc7c-block  srfm-block-width-100 452\">\n\t\t\t\t\t\t\t\t<label id=\"srfm-label-9677dc7c-lbl-TWVuc2FqZQ-6134\" for=\"srfm-textarea-9677dc7c-lbl-TWVuc2FqZQ-6134\" class=\"srfm-block-label\">\n\t\t\t\t\t\tMessage\t\t\t\t\t\t\t\t\t\t\t\t\t<span class=\"srfm-required\" aria-hidden=\"true\"> *<\/span>\n\t\t\t\t\t\t\t\t\t\t\t<\/label>\n\t\t\t\t\t\t\t\t\t\t\t<div class=\"srfm-block-wrap\">\n\t\t\t\t<textarea\n\t\t\t\t\tclass=\"srfm-input-common srfm-input-textarea\"\n\t\t\t\t\tname=\"srfm-textarea-9677dc7c-lbl-TWVuc2FqZQ-message\"\n\t\t\t\t\tid=\"srfm-textarea-9677dc7c-lbl-TWVuc2FqZQ-6134\"\n\t\t\t\t\taria-describedby='srfm-error-9677dc7c'\t\t\t\t\tdata-required=\"true\" aria-required=\"true\"  rows=\"4\"  \t\t\t\t\t\t\t\t\t\t\t\t\t\t\t><\/textarea>\n\t\t\t\t\t\t\t<\/div>\n\t\t\t<div class=\"srfm-error-wrap\">\n\t\t\t\t\t\t\t\t\t<div class=\"srfm-error-message\" data-srfm-id=\"srfm-error-9677dc7c\" data-error-msg=\"This field is required.\">\n\t\t\t\t\t\tThis field is required.\t\t\t\t\t<\/div>\n\t\t\t\t\t\t\t\t<\/div>\n\t\t<\/div>\n\n\t\t\t\t\t\t\t\n\t\t\t\t\t\n\t\t\t\t\t<div class=\"srfm-submit-container\" style=\"\">\n\t\t\t\t\t\t<div style=\"width: ; text-align: center\" class=\"wp-block-button\">\n\t\t\t\t\t\t\t\t\t\t\t\t\t\t\t\t\t\t\t<button style=\"\" id=\"srfm-submit-btn\" class=\"srfm-btn-frontend srfm-button srfm-submit-button\"\n\t\t\t\t\t\t\t\t\t\t\t\t\t\t>\n\t\t\t\t\t\t\t\t<div class=\"srfm-submit-wrap\">\n\t\t\t\t\t\t\t\t\tSend Message\t\t\t\t\t\t\t\t<div class=\"srfm-loader\"><\/div>\n\t\t\t\t\t\t\t\t<\/div>\n\t\t\t\t\t\t\t<\/button>\n\t\t\t\t\t\t\t\t\t\t\t\t\t\t\t\t\t\t<\/div>\n\t\t\t\t\t<\/div>\n\t\t\t\t\t\t\t<p id=\"srfm-error-message\" class=\"srfm-common-error-message srfm-error-message srfm-footer-error\" hidden>\t\t<span class=\"srfm-icon\" aria-hidden=\"true\">\n\t\t\t<svg xmlns='http:\/\/www.w3.org\/2000\/svg' width='20' height='20' fill='none'><path d='M9.99935 18.3327C14.6017 18.3327 18.3327 14.6017 18.3327 9.99935C18.3327 5.39698 14.6017 1.66602 9.99935 1.66602C5.39698 1.66602 1.66602 5.39698 1.66602 9.99935C1.66602 14.6017 5.39698 18.3327 9.99935 18.3327Z' stroke='currentColor' stroke-width='1.5' stroke-linecap='round' stroke-linejoin='round' \/><path d='M10 6.66602V9.99935' stroke='currentColor' stroke-width='1.5' stroke-linecap='round' stroke-linejoin='round' \/><path d='M10 13.334H10.0083' stroke='currentColor' stroke-width='1.5' stroke-linecap='round' stroke-linejoin='round' \/><\/svg>\t\t<\/span>\n\t\t<span class=\"srfm-error-content\">There was an error trying to submit your form. Please try again.<\/span><\/p>\n\t\t\t\t\t<input type=\"hidden\" name=\"trp-form-language\" value=\"en\"\/><\/form>\n\t\t\t<div class=\"srfm-single-form srfm-success-box in-page\">\n\t\t\t\t<div aria-live=\"polite\" aria-atomic=\"true\" role=\"alert\" id=\"srfm-success-message-page-452\" class=\"srfm-success-box-description\"><\/div>\n\t\t\t<\/div>\n\t\t\t<\/div>\n\t\t\n<\/div>\n<\/div><\/div>","protected":false},"excerpt":{"rendered":"<p>Infraestructura y Capacidad de Procesamiento 01 Infraestructura de Procesamiento y Exportaci\u00f3n Nuestras instalaciones est\u00e1n dise\u00f1adas para garantizar eficiencia, calidad y cumplimiento de los m\u00e1s altos est\u00e1ndares internacionales en la industria de productos del mar.La infraestructura de Obermax integra \u00e1reas modernas de procesamiento, clasificaci\u00f3n, empaque y cadena de fr\u00edo, preservando la frescura y trazabilidad del camar\u00f3n [&hellip;]<\/p>\n","protected":false},"author":1,"featured_media":0,"parent":0,"menu_order":0,"comment_status":"closed","ping_status":"closed","template":"","meta":{"om_disable_all_campaigns":false,"_uag_custom_page_level_css":"","_monsterinsights_skip_tracking":false,"_monsterinsights_sitenote_active":false,"_monsterinsights_sitenote_note":"","_monsterinsights_sitenote_category":0,"site-sidebar-layout":"no-sidebar","site-content-layout":"page-builder","ast-site-content-layout":"full-width-container","site-content-style":"unboxed","site-sidebar-style":"unboxed","ast-global-header-display":"","ast-banner-title-visibility":"","ast-main-header-display":"","ast-hfb-above-header-display":"","ast-hfb-below-header-display":"","ast-hfb-mobile-header-display":"","site-post-title":"disabled","ast-breadcrumbs-content":"","ast-featured-img":"","footer-sml-layout":"","ast-disable-related-posts":"","theme-transparent-header-meta":"enabled","adv-header-id-meta":"","stick-header-meta":"","header-above-stick-meta":"","header-main-stick-meta":"","header-below-stick-meta":"","astra-migrate-meta-layouts":"set","ast-page-background-enabled":"default","ast-page-background-meta":{"desktop":{"background-color":"var(--ast-global-color-5)","background-image":"","background-repeat":"repeat","background-position":"center center","background-size":"auto","background-attachment":"scroll","background-type":"","background-media":"","overlay-type":"","overlay-color":"","overlay-opacity":"","overlay-gradient":""},"tablet":{"background-color":"","background-image":"","background-repeat":"repeat","background-position":"center center","background-size":"auto","background-attachment":"scroll","background-type":"","background-media":"","overlay-type":"","overlay-color":"","overlay-opacity":"","overlay-gradient":""},"mobile":{"background-color":"","background-image":"","background-repeat":"repeat","background-position":"center center","background-size":"auto","background-attachment":"scroll","background-type":"","background-media":"","overlay-type":"","overlay-color":"","overlay-opacity":"","overlay-gradient":""}},"ast-content-background-meta":{"desktop":{"background-color":"var(--ast-global-color-4)","background-image":"","background-repeat":"repeat","background-position":"center center","background-size":"auto","background-attachment":"scroll","background-type":"","background-media":"","overlay-type":"","overlay-color":"","overlay-opacity":"","overlay-gradient":""},"tablet":{"background-color":"var(--ast-global-color-4)","background-image":"","background-repeat":"repeat","background-position":"center center","background-size":"auto","background-attachment":"scroll","background-type":"","background-media":"","overlay-type":"","overlay-color":"","overlay-opacity":"","overlay-gradient":""},"mobile":{"background-color":"var(--ast-global-color-4)","background-image":"","background-repeat":"repeat","background-position":"center center","background-size":"auto","background-attachment":"scroll","background-type":"","background-media":"","overlay-type":"","overlay-color":"","overlay-opacity":"","overlay-gradient":""}},"footnotes":""},"class_list":["post-312","page","type-page","status-publish","hentry"],"aioseo_notices":[],"_hostinger_reach_plugin_has_subscription_block":false,"_hostinger_reach_plugin_is_elementor":false,"uagb_featured_image_src":{"full":false,"thumbnail":false,"medium":false,"medium_large":false,"large":false,"1536x1536":false,"2048x2048":false,"trp-custom-language-flag":false},"uagb_author_info":{"display_name":"obermax2021@hotmail.com","author_link":"https:\/\/obermax.com.ec\/en\/author\/obermax2021hotmail-com\/"},"uagb_comment_info":0,"uagb_excerpt":"Infraestructura y Capacidad de Procesamiento 01 Infraestructura de Procesamiento y Exportaci\u00f3n Nuestras instalaciones est\u00e1n dise\u00f1adas para garantizar eficiencia, calidad y cumplimiento de los m\u00e1s altos est\u00e1ndares internacionales en la industria de productos del mar.La infraestructura de Obermax integra \u00e1reas modernas de procesamiento, clasificaci\u00f3n, empaque y cadena de fr\u00edo, preservando la frescura y trazabilidad del camar\u00f3n&hellip;","_links":{"self":[{"href":"https:\/\/obermax.com.ec\/en\/wp-json\/wp\/v2\/pages\/312","targetHints":{"allow":["GET"]}}],"collection":[{"href":"https:\/\/obermax.com.ec\/en\/wp-json\/wp\/v2\/pages"}],"about":[{"href":"https:\/\/obermax.com.ec\/en\/wp-json\/wp\/v2\/types\/page"}],"author":[{"embeddable":true,"href":"https:\/\/obermax.com.ec\/en\/wp-json\/wp\/v2\/users\/1"}],"replies":[{"embeddable":true,"href":"https:\/\/obermax.com.ec\/en\/wp-json\/wp\/v2\/comments?post=312"}],"version-history":[{"count":12,"href":"https:\/\/obermax.com.ec\/en\/wp-json\/wp\/v2\/pages\/312\/revisions"}],"predecessor-version":[{"id":670,"href":"https:\/\/obermax.com.ec\/en\/wp-json\/wp\/v2\/pages\/312\/revisions\/670"}],"wp:attachment":[{"href":"https:\/\/obermax.com.ec\/en\/wp-json\/wp\/v2\/media?parent=312"}],"curies":[{"name":"wp","href":"https:\/\/api.w.org\/{rel}","templated":true}]}}